{"id":3712,"date":"2020-01-28T10:55:48","date_gmt":"2020-01-28T09:55:48","guid":{"rendered":"https:\/\/meotec.com\/rgpd\/"},"modified":"2023-08-24T11:28:28","modified_gmt":"2023-08-24T09:28:28","slug":"gdpr","status":"publish","type":"page","link":"https:\/\/meotec.com\/it\/gdpr\/","title":{"rendered":"GDPR"},"content":{"rendered":"<div class=\"wpb-content-wrapper\"><div      class=\"vc_row wpb_row section vc_row-fluid  vc_custom_1580211439161 grid_section\" style=' text-align:left;'><div class=\" section_inner clearfix\"><div class='section_inner_margin clearfix'><div class=\"wpb_column vc_column_container vc_col-sm-12\"><div class=\"vc_column-inner\"><div class=\"wpb_wrapper\">\n\t<div class=\"wpb_text_column wpb_content_element \">\n\t\t<div class=\"wpb_wrapper\">\n\t\t\t<p><strong><u>POLITICA DI PROTEZIONE DEI DATI PERSONALI<\/u><\/strong><\/p>\n<p>La presente politica di protezione dei dati personali informa gli utenti di Internet del sistema adottato da MEOTEC nel contesto dell&#8217;uso del sito Web accessibile all&#8217;indirizzo &#8220;https:\/\/meotec.com&#8221; (di seguito denominato il sito), in conformit\u00e0 al principio del diritto al rispetto della vita privata e al Regolamento generale relativo alla protezione dei dati personali (applicabile dal 25\/05\/2018).<\/p>\n<p>&nbsp;<\/p>\n<p>Il presente documento integra le condizioni generali di utilizzo del nostro sito web (vedi note legali).<\/p>\n<p>&nbsp;<\/p>\n<p><strong>Minori<\/strong><br \/>\nQuesto documento non \u00e8 destinato ai minori. Comprendiamo l&#8217;importanza di proteggere i dati personali relativi ai minori, in particolare in un ambiente virtuale, perci\u00f2 non raccoglieremo o archivieremo dati relativi ai minori.<\/p>\n<p><strong>Discriminazione<\/strong><\/p>\n<p>Meotec rispetta le norme di etica professionale e le disposizioni legali relative al trattamento dei dati personali al fine di prevenire qualsiasi rischio di discriminazione.<br \/>\nRaccomandiamo all&#8217;Utente di non segnalare alcuna informazione personale che non sia collegata alle sue capacit\u00e0 professionali e pi\u00f9 specificamente di astenersi da qualsiasi menzione relativa alla sua origine, al suo stato civile, al suo stato salute, morale, orientamento sessuale, opinioni politiche, aspetto fisico (foto), attivit\u00e0 sindacali, appartenenza o non appartenenza a un gruppo etnico, una nazione, una razza o credenze religiose.<\/p>\n<p>&nbsp;<\/p>\n<p><strong>Raccolta, utilizzo e divulgazione<\/strong><\/p>\n<ul>\n<li><strong>Moduli di raccolta<\/strong><\/li>\n<\/ul>\n<p>MEOTEC garantisce che verranno raccolti solo i dati strettamente necessari per lo svolgimento dei servizi sottoscritti dall&#8217;Utente.<\/p>\n<p>&nbsp;<\/p>\n<p>Inoltre, quando l&#8217;utente \u00e8 solo un semplice visitatore del nostro sito Web, MEOTEC non raccoglie dati personali che lo riguardano.<\/p>\n<p>&nbsp;<\/p>\n<p>Al momento della registrazione per un servizio proposto, MEOTEC raccoglier\u00e0 solo dati personali che l&#8217;Utente stesso ci comunicher\u00e0 tramite :<\/p>\n<ul>\n<li>Un modulo di contatto &#8220;Contattaci&#8221;, nella scheda &#8220;Contatti&#8221; di questo sito Web<\/li>\n<li>Un modulo di domanda &#8220;Per essere ricontattati&#8221;, nella parte inferiore di ogni pagina di questo sito Web<\/li>\n<li>Un modulo di domanda &#8220;Postuler chez Meotec&#8221;, nella scheda &#8220;Carriera&#8221;<\/li>\n<\/ul>\n<ul>\n<li><strong>Dati raccolti<br \/>\n<\/strong><\/li>\n<\/ul>\n<p>Nel modulo di contatto &#8220;Contattaci&#8221;, devono essere compilati i seguenti dati personali :<\/p>\n<ul>\n<li>Il tuo nome e cognome<\/li>\n<li>Il nome della tua azienda<\/li>\n<li>numero di telefono<\/li>\n<li>indirizzo e-mail<\/li>\n<\/ul>\n<p>Altre informazioni relative alla tua richiesta (competenza, informazioni aggiuntive) saranno raccolte su base facoltativa.<br \/>\nNel modulo di domanda &#8220;Per essere ricontattati&#8221;, \u00e8 necessario inserire i seguenti dati personali :<\/p>\n<ul>\n<li>Cognome<\/li>\n<li>Nome<\/li>\n<li>Email<\/li>\n<li>Numero di telefono<\/li>\n<li>Curriculum vitae (stato civile, foto, formazione, esperienza professionale, ecc.)<\/li>\n<\/ul>\n<p>Nel modulo di domanda &#8220;Postuler chez Meotec&#8221;, \u00e8 necessario inserire i seguenti dati personali :<\/p>\n<ul>\n<li>Nome della tua azienda<\/li>\n<li>Numero di telefono<\/li>\n<li>Email<\/li>\n<\/ul>\n<p>&nbsp;<\/p>\n<p><strong>Finalit\u00e0 del trattamento<\/strong><\/p>\n<p>Le informazioni precedenti vengono raccolte per <strong>ricontattare l&#8217;Utente<\/strong> il pi\u00f9 presto possibile (e nel caso di candidatura, <strong>per identificare le missioni compatibili con il suo profilo<\/strong>). Essendo necessario il suo esplicito consenso, sul sito \u00e8 presente una dichiarazione da compilare. L&#8217;utente pu\u00f2 revocare il proprio consenso in qualsiasi momento senza influire sui suoi rapporti con MEOTEC.<br \/>\nD&#8217;altra parte, MEOTEC non raccoglie e\/o compila dati personali o informazioni ottenute tramite questo sito Web al fine di utilizzarli a fini commerciali, nel contesto di operazioni di marketing o invio di e-mail per il conto di terzi.<\/p>\n<p>&nbsp;<\/p>\n<p>Le informazioni dell&#8217;utente non saranno inoltre trasferite al di fuori dell&#8217;Unione Europea.<\/p>\n<p>&nbsp;<\/p>\n<p>Infine, nessuna decisione verr\u00e0 presa automaticamente.<\/p>\n<p>&nbsp;<\/p>\n<ul>\n<li><strong>Conservazione dei dati<\/strong><\/li>\n<\/ul>\n<p>Accettando le condizioni d&#8217;uso, l&#8217;Utente accetta che i suoi dati siano archiviati in formato digitale in un database sicuro ed esclusivo.<\/p>\n<p>Questi dati vengono conservati per un periodo di due anni dopo l&#8217;ultimo contatto tra l&#8217;Utente e MEOTEC.<\/p>\n<p>&nbsp;<\/p>\n<ul>\n<li><strong>Accessibilit\u00e0 e diffusione dei dati<\/strong><\/li>\n<\/ul>\n<p>I dati raccolti tramite il modulo di contatto sono accessibili da alcuni associati MEOTEC. Sono incaricati di filtrare e ridistribuire la richiesta al contatto MEOTEC appropriato.<\/p>\n<p>&nbsp;<\/p>\n<p>I dati raccolti tramite il modulo di domanda sono accessibili dal personale interno incaricato dell&#8217;assunzione :<\/p>\n<ul>\n<li>Dipartimento delle risorse umane<\/li>\n<li>Manager aziendali<\/li>\n<\/ul>\n<p>&nbsp;<\/p>\n<p>Informiamo inoltre che comunicheremo i Dati personali di un Utente se la legge lo richiede o in virt\u00f9 di una decisione del tribunale.<\/p>\n<p>&nbsp;<\/p>\n<p><strong>Aggiornamento<\/strong><\/p>\n<p>Incoraggiamo l&#8217;Utente a informarci tempestivamente di qualsiasi modifica relativa ai suoi Dati personali: (indirizzo, dati di contatto, mobilit\u00e0 o pi\u00f9 in generale della sua situazione) in modo da mantenere sempre aggiornato il profilo.<\/p>\n<p>&nbsp;<\/p>\n<p><strong>Collegamenti con terzi<\/strong><\/p>\n<p>Il nostro sito, www.meotec.com , pu\u00f2 contenere collegamenti ad altri siti o piattaforme di social media (Facebook, LinkedIn, Twitter, Instagram, Hello Talent) che non rientrano nell&#8217;ambito di applicazione della Carta. MEOTEC non pu\u00f2 in alcun modo essere ritenuto responsabile del modo in cui i dati dell&#8217;utente verranno archiviati o utilizzati su server di terze parti. Si consiglia all&#8217;Utente di familiarizzare con la politica applicabile sulla protezione dei dati personali di ciascun sito Web di terzi a cui acceder\u00e0 tramite il nostro, al fine di valutare il modo in cui i suoi dati personali saranno utilizzati.<\/p>\n<p>&nbsp;<\/p>\n<p>A MEOTEC potrebbe essere richiesto di comunicare determinati dati a un partner\/fornitore\/cliente per fornire all&#8217;utente il servizio o le informazioni richieste (specificate durante la raccolta).<\/p>\n<p>&nbsp;<\/p>\n<p><strong>Utilizzo dei cookie<\/strong><\/p>\n<p>I cookie sono piccoli file di testo inseriti e memorizzati su un computer o smartphone da cui un utente visita un sito. Questi cookie registrano determinate informazioni, a condizione che l&#8217;Utente le abbia accettate.<\/p>\n<p>&nbsp;<\/p>\n<p>MEOTEC utilizza principalmente i cookie per :<\/p>\n<ul>\n<li>Stabilire statistiche e analizzare le prestazioni del nostro sito,<\/li>\n<li>Memorizzare le preferenze e le impostazioni dell&#8217;utente.<\/li>\n<\/ul>\n<p>&nbsp;<\/p>\n<p>Per saperne di pi\u00f9, visitate la nostra sezione &#8220;Politica sui cookie UE&#8221;.<\/p>\n<p>&nbsp;<\/p>\n<p><strong>Sicurezza<\/strong><\/p>\n<p>I dati personali che raccogliamo possono essere inseriti ed elaborati manualmente o in sistemi informatici. I mezzi tecnici implementati da MEOTEC rispettano le migliori pratiche di sicurezza in vigore.<\/p>\n<ul>\n<li>I dipendenti MEOTEC che possono accedervi come parte del loro lavoro sono soggetti a un accordo di riservatezza,<\/li>\n<li>I dati raccolti vengono inviati da MICROSOFT, il vostro gestore email da e verso server sicuri situati in Europa,<\/li>\n<li>Il nostro sito \u00e8 ospitato da INFOMANIAK, su server sicuri in Europa.<\/li>\n<\/ul>\n<p>&nbsp;<\/p>\n<p>Facciamo del nostro meglio per garantire la vostra protezione. Tuttavia, poich\u00e9 Internet \u00e8 un sistema aperto, MEOTEC non pu\u00f2 garantire la sicurezza delle informazioni che l&#8217;Utente ci trasmette via Internet e declina ogni responsabilit\u00e0 in caso di utilizzo illegittimo o fraudolento da parte di terzi non autorizzati.<\/p>\n<p>&nbsp;<\/p>\n<p><strong>Modifiche della presente politica<\/strong><\/p>\n<p>MEOTEC pu\u00f2 modificare questa politica. In questo caso, le modifiche apportate saranno applicabili solo al termine di un periodo di 30 giorni lavorativi dalla modifica.<\/p>\n<p>&nbsp;<\/p>\n<p><strong>Computer e libert\u00e0<\/strong><\/p>\n<p>Ai sensi della legge 78-17 del 6 gennaio 1978 e del Regolamento generale europeo sulla protezione dei dati, in merito ai dati personali che lo riguardano, l&#8217;utente ha :<\/p>\n<ul>\n<li>Diritto di accesso,<\/li>\n<li>Diritto di modifica,<\/li>\n<li>Diritto di cancellazione,<\/li>\n<li>Diritto di portabilit\u00e0,<\/li>\n<li>Diritto di limitazione del trattamento<\/li>\n<li>Diritto di opposizione al trattamento.<\/li>\n<\/ul>\n<p>&nbsp;<\/p>\n<p>Per qualsiasi domanda o richiesta aggiuntiva, si prega di scrivere a :<\/p>\n<ul>\n<li>Dpo@meotec.com,,<\/li>\n<\/ul>\n<p>MEOTEC si impegna a rispondere a qualsiasi richiesta di esercizio dei diritti entro i termini legali in vigore (1 mese).<\/p>\n<ul>\n<li>Contattare al seguente indirizzo :<\/li>\n<\/ul>\n<p>MEOTEC<\/p>\n<p>All&#8217;attenzione del responsabile della protezione dei dati<\/p>\n<p>27-33 Quai Alphonse LE GALLO<\/p>\n<p>92100 Boulogne-Billancourt<\/p>\n<p>&nbsp;<\/p>\n<p>Avete il diritto di sporgere denuncia alla Commissione nazionale per la protezione dei dati (www.cnil.fr).<\/p>\n\n\t\t<\/div>\n\t<\/div><\/div><\/div><\/div><\/div><\/div><\/div>\n<\/div>","protected":false},"excerpt":{"rendered":"POLITICA DI PROTEZIONE DEI DATI PERSONALI La presente politica di protezione dei dati personali informa gli utenti di Internet del...","protected":false},"author":26,"featured_media":0,"parent":0,"menu_order":50,"comment_status":"closed","ping_status":"closed","template":"","meta":{"_seopress_robots_primary_cat":"","_seopress_titles_title":"","_seopress_titles_desc":"","_seopress_robots_index":"","footnotes":""},"class_list":["post-3712","page","type-page","status-publish","hentry"],"_links":{"self":[{"href":"https:\/\/meotec.com\/it\/wp-json\/wp\/v2\/pages\/3712","targetHints":{"allow":["GET"]}}],"collection":[{"href":"https:\/\/meotec.com\/it\/wp-json\/wp\/v2\/pages"}],"about":[{"href":"https:\/\/meotec.com\/it\/wp-json\/wp\/v2\/types\/page"}],"author":[{"embeddable":true,"href":"https:\/\/meotec.com\/it\/wp-json\/wp\/v2\/users\/26"}],"replies":[{"embeddable":true,"href":"https:\/\/meotec.com\/it\/wp-json\/wp\/v2\/comments?post=3712"}],"version-history":[{"count":0,"href":"https:\/\/meotec.com\/it\/wp-json\/wp\/v2\/pages\/3712\/revisions"}],"wp:attachment":[{"href":"https:\/\/meotec.com\/it\/wp-json\/wp\/v2\/media?parent=3712"}],"curies":[{"name":"wp","href":"https:\/\/api.w.org\/{rel}","templated":true}]}}