{"id":3620,"date":"2019-11-21T15:11:06","date_gmt":"2019-11-21T15:11:06","guid":{"rendered":"https:\/\/meotec.com\/mentions-legales\/"},"modified":"2026-04-17T16:42:59","modified_gmt":"2026-04-17T14:42:59","slug":"note-legali","status":"publish","type":"page","link":"https:\/\/meotec.com\/it\/note-legali\/","title":{"rendered":"Note legali"},"content":{"rendered":"<div class=\"wpb-content-wrapper\"><div      class=\"vc_row wpb_row section vc_row-fluid  vc_custom_1580211347667\" style=' text-align:left;'><div class=\" full_section_inner clearfix\"><div class=\"wpb_column vc_column_container vc_col-sm-12\"><div class=\"vc_column-inner\"><div class=\"wpb_wrapper\">\n\t<div class=\"wpb_text_column wpb_content_element \">\n\t\t<div class=\"wpb_wrapper\">\n\t\t\t<p>Il presente documento costituisce le condizioni generali di utilizzo del sito accessibili all&#8217;indirizzo &#8220;https:\\\\www.meotec.com&#8221; (di seguito denominato il sito).<\/p>\n<p>Il nostro sito \u00e8 stato prodotto e curato da MEOTEC SAS.<\/p>\n<p>Accedendo o utilizzando il nostro sito, si ritiene che l&#8217;utente accetti queste condizioni generali e ci riserviamo il diritto di rifiutare l&#8217;accesso a tutto o parte del sito a qualsiasi utente che non le rispetti.<\/p>\n<h2>Panoramica MEOTEC<\/h2>\n<p>Forma giuridica: Capitale semplificato di societ\u00e0 per azioni<\/p>\n<p>: 51.140 euro RCS: 485.096.218 (Nanterre)<\/p>\n<p>Partita IVA intracomunitaria: FR91485096218<\/p>\n<p>Sede centrale: 27\/33 Quai Alphonse LE GALLO &#8211; 92100 Boulogne-Billancourt<\/p>\n<p>Rappresentante legale: Sig. Richard CARON (Presidente)<\/p>\n<p>Direttore editoriale: Richard CARON<\/p>\n<p>EmailE-mail di contatto: info@meotec.com<\/p>\n<p>Indirizzo di contatto: MEOTEC &#8211; Service Communication &amp; Marketing 27-33 Quai Alphonse LE GALLO &#8211; 92100 Boulogne-Billancourt<\/p>\n<h2>Giurisdizione<\/h2>\n<p>Il nostro sito \u00e8 soggetto alla legislazione francese, ai tribunali francesi e ha il francese come lingua ufficiale. Le relazioni stabilite tra MEOTEC e l&#8217;Utente sono anch&#8217;esse regolate dalle norme e dalle leggi francesi in vigore.<\/p>\n<h2>Propriet\u00e0 intellettuale<\/h2>\n<p>Il nostro sito e ciascuno dei suoi componenti (marchi, grafica, fotografie, ecc.) sono soggetti alla legge francese, in particolare quella relativa al diritto d&#8217;autore, ai database e alla propriet\u00e0 intellettuale.<\/p>\n<p>Tutti gli altri marchi citati sono di propriet\u00e0 dei rispettivi proprietari. Qualsiasi riproduzione, rappresentazione, pubblicazione, trasmissione o, pi\u00f9 in generale, qualsiasi uso non autorizzato del nostro sito e\/o dei suoi elementi coinvolge la tua responsabilit\u00e0 e pu\u00f2 portare a procedimenti legali, in particolare per contraffazione.<\/p>\n<p>Inoltre, l&#8217;Utente si impegna a non inviare o trasmettere testi o immagini contrari alla legge o volti a scioccare la sensibilit\u00e0 altrui, in particolare di contenuti d&#8217;odio, pornografici o di incitamento a comportamenti simili. MEOTEC si riserva il diritto di prendere qualsiasi misura o intraprendere qualsiasi azione ritenuta necessaria nel caso in cui il suo sito venga utilizzato per diffondere elementi di questa natura.<\/p>\n<h2>Responsabilit\u00e0<\/h2>\n<p>Il nostro sito pu\u00f2 contenere collegamenti ad altri siti che non gestiamo. MEOTEC non si assume alcuna responsabilit\u00e0 per il contenuto, le pubblicit\u00e0, i prodotti, i servizi o qualsiasi altro materiale disponibile su o da questi siti o fonti esterne, che non sono n\u00e9 verificati n\u00e9 approvati dai nostri team.<\/p>\n<p>Ci impegniamo a garantire i nostri migliori sforzi per fornire informazioni aggiornate e accurate. Tuttavia, non possiamo essere ritenuti responsabili per errori, omissioni o risultati che potrebbero essere ottenuti dall&#8217;uso improprio di queste informazioni. Ci riserviamo il diritto di correggerli non appena questi errori saranno portati alla nostra attenzione.<\/p>\n<p>Il download di qualsiasi materiale durante l&#8217;utilizzo del servizio \u00e8 a proprio rischio. L&#8217;utente sar\u00e0 l&#8217;unico responsabile per eventuali danni subiti dal suo computer o qualsiasi perdita di dati risultante da questo download. Pi\u00f9 in generale, MEOTEC non pu\u00f2 in alcun caso essere ritenuta responsabile per danni diretti e\/o indiretti derivanti dall&#8217;uso di questo sito.<\/p>\n<h2>Gestione dei reclami<\/h2>\n<p>Qualsiasi reclamo e\/o insoddisfazione deve essere inviato via e-mail a <a href=\"mailto:reclamation@meogroup.eu\">reclamation@meogroup.eu<\/a>.<\/p>\n<p>Il nostro Dipartimento Reclami confermer\u00e0 la ricezione del reclamo, lo analizzer\u00e0 e vi fornir\u00e0 una risposta entro 48 ore lavorative. Se MEOTEC non \u00e8 in grado di rispettare questo termine, le verr\u00e0 comunicato il motivo del ritardo e il tempo di elaborazione previsto.<\/p>\n<h2>Politica di gestione dei cookie<\/h2>\n<p>I cookie sono piccoli file di testo inseriti e memorizzati su un computer o smartphone da cui un utente visita un sito. Questi cookie registrano determinate informazioni, a condizione che l&#8217;Utente le abbia accettate.<\/p>\n<p>MEOTEC utilizza principalmente i cookie per :<\/p>\n<p>\u2022 Stabilire statistiche e analizzare le prestazioni del nostro sito,<\/p>\n<p>\u2022 Memorizzare le preferenze e le impostazioni dell&#8217;utente.<\/p>\n<p>Per saperne di pi\u00f9, visitate la nostra sezione &#8220;Politica sulla gestione dei cookie&#8221;.<\/p>\n<h2>Politica sulla protezione dei dati personali<\/h2>\n<p>I dati personali sono informazioni utilizzate per identificare direttamente o indirettamente una persona fisica (ad esempio nome, numero di telefono, foto, data di nascita, comune di residenza, impronta digitale, ecc.).<\/p>\n<p>Utilizziamo principalmente i vostri dati personali per :<\/p>\n<p>\u2022 Ricontattare l&#8217;utente il prima possibile,<\/p>\n<p>\u2022 Identificare le missioni compatibili con il profilo dell&#8217;utente in caso di candidatura.<\/p>\n<p>Per saperne di pi\u00f9, visitate la nostra sezione &#8220;Politica sulla protezione dei dati personali&#8221;.<\/p>\n<h2>Hosting e sicurezza<\/h2>\n<p>Il nostro sito \u00e8 ospitato da INFOMANIAK, su server sicuri in Europa :<\/p>\n<p>Forma giuridica: Societ\u00e0 anonima (SA)<\/p>\n<p>Partita IVA: CHE-103.167.648<\/p>\n<p>Sede legale: Rue Eug\u00e8ne-Marziano 25, 1227 Gen\u00e8ve, Svizzera<\/p>\n<p>Facciamo del nostro meglio per garantire la vostra protezione. Tuttavia, poich\u00e9 Internet \u00e8 un sistema facilmente accessibile, MEOTEC non pu\u00f2 garantire la sicurezza delle informazioni che l&#8217;Utente ci trasmette via Internet e declina ogni responsabilit\u00e0 in caso di utilizzo illegittimo o fraudolento da parte di terzi non autorizzati.<\/p>\n<h2>Disponibilit\u00e0<\/h2>\n<p>MEOTEC pu\u00f2 in qualsiasi momento, modificare o interrompere temporaneamente o permanentemente tutto o parte del sito per eseguire operazioni di manutenzione e\/o miglioramenti\/modifiche.<\/p>\n<h2>Modifica del presente documento<\/h2>\n<p>MEOTEC pu\u00f2 modificare il presente documento. In questo caso, le modifiche apportate saranno applicabili non appena saranno rimesse online.<\/p>\n\n\t\t<\/div>\n\t<\/div><\/div><\/div><\/div><\/div><\/div>\n<\/div>","protected":false},"excerpt":{"rendered":"Il presente documento costituisce le condizioni generali di utilizzo del sito accessibili all'indirizzo \"https:\\\\www.meotec.com\" (di seguito denominato il sito). Il...","protected":false},"author":26,"featured_media":0,"parent":0,"menu_order":20,"comment_status":"closed","ping_status":"closed","template":"","meta":{"_seopress_robots_primary_cat":"","_seopress_titles_title":"","_seopress_titles_desc":"","_seopress_robots_index":"","footnotes":""},"class_list":["post-3620","page","type-page","status-publish","hentry"],"_links":{"self":[{"href":"https:\/\/meotec.com\/it\/wp-json\/wp\/v2\/pages\/3620","targetHints":{"allow":["GET"]}}],"collection":[{"href":"https:\/\/meotec.com\/it\/wp-json\/wp\/v2\/pages"}],"about":[{"href":"https:\/\/meotec.com\/it\/wp-json\/wp\/v2\/types\/page"}],"author":[{"embeddable":true,"href":"https:\/\/meotec.com\/it\/wp-json\/wp\/v2\/users\/26"}],"replies":[{"embeddable":true,"href":"https:\/\/meotec.com\/it\/wp-json\/wp\/v2\/comments?post=3620"}],"version-history":[{"count":0,"href":"https:\/\/meotec.com\/it\/wp-json\/wp\/v2\/pages\/3620\/revisions"}],"wp:attachment":[{"href":"https:\/\/meotec.com\/it\/wp-json\/wp\/v2\/media?parent=3620"}],"curies":[{"name":"wp","href":"https:\/\/api.w.org\/{rel}","templated":true}]}}