{"id":6870,"date":"2021-07-19T12:08:01","date_gmt":"2021-07-19T11:08:01","guid":{"rendered":"https:\/\/meotec.com\/modes-intervention\/"},"modified":"2021-08-16T15:41:19","modified_gmt":"2021-08-16T14:41:19","slug":"modos-de-intervencion","status":"publish","type":"page","link":"https:\/\/meotec.com\/es\/modos-de-intervencion\/","title":{"rendered":"Modos de intervenci\u00f3n"},"content":{"rendered":"<div class=\"wpb-content-wrapper\"><div      class=\"vc_row wpb_row section vc_row-fluid  vc_custom_1626370138576\" style=' text-align:left;'><div class=\" full_section_inner clearfix\"><div class=\"wpb_column vc_column_container vc_col-sm-12\"><div class=\"vc_column-inner\"><div class=\"wpb_wrapper\"><div id=\"consultoria\"     class=\"vc_row wpb_row section vc_row-fluid vc_inner  vc_custom_1629124355405\" style=' text-align:left;'><div class=\" full_section_inner clearfix\"><div class=\"wpb_column vc_column_container vc_col-sm-12\"><div class=\"vc_column-inner vc_custom_1626369895890\"><div class=\"wpb_wrapper\">\n\t<div class=\"wpb_text_column wpb_content_element  vc_custom_1629123760061\">\n\t\t<div class=\"wpb_wrapper\">\n\t\t\t<h1 style=\"text-align: center;\"><span style=\"color: #000000;\">Ofrecemos 3 modos de intervenci\u00f3n<\/span><\/h1>\n\n\t\t<\/div>\n\t<\/div><div class=\"vc_empty_space\"  style=\"height: 30px\" >\n\t<span class=\"vc_empty_space_inner\">\n\t\t<span class=\"empty_space_image\"  ><\/span>\n\t<\/span>\n<\/div><\/div><\/div><\/div><\/div><\/div><div      class=\"vc_row wpb_row section vc_row-fluid vc_inner  grid_section\" style=' text-align:left;'><div class=\" section_inner clearfix\"><div class='section_inner_margin clearfix'><div class=\"wpb_column vc_column_container vc_col-sm-12\"><div class=\"vc_column-inner\"><div class=\"wpb_wrapper\">\n\t<div class=\"wpb_single_image wpb_content_element vc_align_center  vc_custom_1626369736118\">\n\t\t<div class=\"wpb_wrapper\">\n\t\t\t\n\t\t\t<div class=\"vc_single_image-wrapper   vc_box_border_grey\"><img decoding=\"async\" width=\"150\" height=\"150\" src=\"https:\/\/meotec.com\/wp-content\/uploads\/2021\/07\/Capture-de\u0301cran-2021-07-15-a\u0300-10.10.50-150x150.png\" class=\"vc_single_image-img attachment-thumbnail\" alt=\"\" title=\"Capture d\u2019e\u0301cran 2021-07-15 a\u0300 10.10.50\" srcset=\"https:\/\/meotec.com\/wp-content\/uploads\/2021\/07\/Capture-de\u0301cran-2021-07-15-a\u0300-10.10.50-150x150.png 150w, https:\/\/meotec.com\/wp-content\/uploads\/2021\/07\/Capture-de\u0301cran-2021-07-15-a\u0300-10.10.50-570x570.png 570w, https:\/\/meotec.com\/wp-content\/uploads\/2021\/07\/Capture-de\u0301cran-2021-07-15-a\u0300-10.10.50-500x500.png 500w, https:\/\/meotec.com\/wp-content\/uploads\/2021\/07\/Capture-de\u0301cran-2021-07-15-a\u0300-10.10.50-1000x1000.png 1000w\" sizes=\"(max-width: 150px) 100vw, 150px\" \/><\/div>\n\t\t<\/div>\n\t<\/div>\n\n\t<div class=\"wpb_text_column wpb_content_element  vc_custom_1629123651758\">\n\t\t<div class=\"wpb_wrapper\">\n\t\t\t<h2 style=\"text-align: center;\"><strong>CONSULTOR\u00cdA<\/strong><\/h2>\n\n\t\t<\/div>\n\t<\/div>\n\t<div class=\"wpb_text_column wpb_content_element \">\n\t\t<div class=\"wpb_wrapper\">\n\t\t\t<div class=\"page\" title=\"Page 2\">\n<div class=\"section\">\n<div class=\"layoutArea\">\n<div class=\"column\">\n<h3 style=\"text-align: center;\"><span style=\"color: #000000;\"><span style=\"color: #f7a824;\"><strong>Consultor\u00eda<\/strong><\/span> para realizar diagn\u00f3sticos y formular recomendaciones para mejorar el rendimiento de nuestros clientes en nuestros negocios.<\/span><\/h3>\n<\/div>\n<\/div>\n<\/div>\n<\/div>\n\n\t\t<\/div>\n\t<\/div>\n\t<div class=\"wpb_text_column wpb_content_element  vc_custom_1629124180052\">\n\t\t<div class=\"wpb_wrapper\">\n\t\t\t<h4>Beneficios<\/h4>\n<p>&nbsp;<\/p>\n<div class=\"page\" title=\"Page 2\">\n<div class=\"section\">\n<div class=\"layoutArea\">\n<div class=\"column\">\n<ul>\n<li>Benef\u00edciese de servicios pragm\u00e1ticos y personalizados para apoyar sus proyectos de transformaci\u00f3n, diagn\u00f3stico y alcance&#8230;<\/li>\n<li>Nuestros consultores tienen una visi\u00f3n experta de sus necesidades y aportan una visi\u00f3n externa e interfuncional que es esencial para garantizar la resoluci\u00f3n de sus problemas<\/li>\n<li>Gracias a nuestra metodolog\u00eda probada, le ofrecemos un apoyo a medida en sus elecciones estrat\u00e9gicas y le proporcionamos recomendaciones perfectamente adaptadas a sus necesidades dentro de unos plazos definidos<\/li>\n<\/ul>\n<\/div>\n<\/div>\n<\/div>\n<\/div>\n\n\t\t<\/div>\n\t<\/div><\/div><\/div><\/div><\/div><\/div><\/div><\/div><\/div><\/div><\/div><\/div><div id=\"asistencia\"     class=\"vc_row wpb_row section vc_row-fluid  vc_custom_1629124383572 grid_section\" style=' text-align:left;'><div class=\" section_inner clearfix\"><div class='section_inner_margin clearfix'><div class=\"wpb_column vc_column_container vc_col-sm-12\"><div class=\"vc_column-inner vc_custom_1626368503781\"><div class=\"wpb_wrapper\">\n\t<div class=\"wpb_single_image wpb_content_element vc_align_center  vc_custom_1626369719243\">\n\t\t<div class=\"wpb_wrapper\">\n\t\t\t\n\t\t\t<div class=\"vc_single_image-wrapper   vc_box_border_grey\"><img decoding=\"async\" width=\"150\" height=\"150\" src=\"https:\/\/meotec.com\/wp-content\/uploads\/2021\/07\/Capture-de\u0301cran-2021-07-15-a\u0300-10.19.53-150x150.png\" class=\"vc_single_image-img attachment-thumbnail\" alt=\"\" title=\"Capture d\u2019e\u0301cran 2021-07-15 a\u0300 10.19.53\" srcset=\"https:\/\/meotec.com\/wp-content\/uploads\/2021\/07\/Capture-de\u0301cran-2021-07-15-a\u0300-10.19.53-150x150.png 150w, https:\/\/meotec.com\/wp-content\/uploads\/2021\/07\/Capture-de\u0301cran-2021-07-15-a\u0300-10.19.53-300x300.png 300w, https:\/\/meotec.com\/wp-content\/uploads\/2021\/07\/Capture-de\u0301cran-2021-07-15-a\u0300-10.19.53-1024x1024.png 1024w, https:\/\/meotec.com\/wp-content\/uploads\/2021\/07\/Capture-de\u0301cran-2021-07-15-a\u0300-10.19.53-768x769.png 768w, https:\/\/meotec.com\/wp-content\/uploads\/2021\/07\/Capture-de\u0301cran-2021-07-15-a\u0300-10.19.53-570x570.png 570w, https:\/\/meotec.com\/wp-content\/uploads\/2021\/07\/Capture-de\u0301cran-2021-07-15-a\u0300-10.19.53-500x500.png 500w, https:\/\/meotec.com\/wp-content\/uploads\/2021\/07\/Capture-de\u0301cran-2021-07-15-a\u0300-10.19.53-1000x1000.png 1000w, https:\/\/meotec.com\/wp-content\/uploads\/2021\/07\/Capture-de\u0301cran-2021-07-15-a\u0300-10.19.53-700x701.png 700w, https:\/\/meotec.com\/wp-content\/uploads\/2021\/07\/Capture-de\u0301cran-2021-07-15-a\u0300-10.19.53.png 1146w\" sizes=\"(max-width: 150px) 100vw, 150px\" \/><\/div>\n\t\t<\/div>\n\t<\/div>\n\n\t<div class=\"wpb_text_column wpb_content_element  vc_custom_1629123933713\">\n\t\t<div class=\"wpb_wrapper\">\n\t\t\t<h2 style=\"text-align: center;\" align=\"center\"><strong>ASISTENCIA OPERATIVA<\/strong><\/h2>\n\n\t\t<\/div>\n\t<\/div>\n\t<div class=\"wpb_text_column wpb_content_element \">\n\t\t<div class=\"wpb_wrapper\">\n\t\t\t<div class=\"page\" title=\"Page 2\">\n<div class=\"section\">\n<div class=\"layoutArea\">\n<div class=\"column\">\n<h3 style=\"text-align: center;\"><span style=\"color: #000000;\"><span style=\"color: #f7a824;\"><strong>Asistencia operativa<\/strong><\/span> para reforzar los sistemas operativos de nuestros clientes con la contribuci\u00f3n de un equipo competente, equipado y comprometido.<\/span><\/h3>\n<\/div>\n<\/div>\n<\/div>\n<\/div>\n\n\t\t<\/div>\n\t<\/div>\n\t<div class=\"wpb_text_column wpb_content_element  vc_custom_1629124249312\">\n\t\t<div class=\"wpb_wrapper\">\n\t\t\t<h4>Beneficios<\/h4>\n<p>&nbsp;<\/p>\n<div class=\"page\" title=\"Page 2\">\n<div class=\"section\">\n<div class=\"layoutArea\">\n<div class=\"column\">\n<ul>\n<li>Solicite el despliegue de nuestros servicios de asistencia operativa en los momentos clave de sus proyectos manteniendo su completa direcci\u00f3n<\/li>\n<li>Nuestros consultores dirigen, coordinan y desarrollan las competencias de sus equipos<\/li>\n<li>Nuestra metodolog\u00eda garantiza flexibilidad y rendimiento, respetando sus prioridades y plazos<\/li>\n<\/ul>\n<\/div>\n<\/div>\n<\/div>\n<\/div>\n\n\t\t<\/div>\n\t<\/div><\/div><\/div><\/div><\/div><\/div><\/div><div id=\"externalizacion\"     class=\"vc_row wpb_row section vc_row-fluid  vc_custom_1629124871984 grid_section\" style=' text-align:left;'><div class=\" section_inner clearfix\"><div class='section_inner_margin clearfix'><div class=\"wpb_column vc_column_container vc_col-sm-12\"><div class=\"vc_column-inner vc_custom_1626368532518\"><div class=\"wpb_wrapper\">\n\t<div class=\"wpb_single_image wpb_content_element vc_align_center  vc_custom_1626369727136\">\n\t\t<div class=\"wpb_wrapper\">\n\t\t\t\n\t\t\t<div class=\"vc_single_image-wrapper   vc_box_border_grey\"><img decoding=\"async\" width=\"150\" height=\"150\" src=\"https:\/\/meotec.com\/wp-content\/uploads\/2021\/07\/Capture-de\u0301cran-2021-07-15-a\u0300-10.22.43-150x150.png\" class=\"vc_single_image-img attachment-thumbnail\" alt=\"\" title=\"Capture d\u2019e\u0301cran 2021-07-15 a\u0300 10.22.43\" srcset=\"https:\/\/meotec.com\/wp-content\/uploads\/2021\/07\/Capture-de\u0301cran-2021-07-15-a\u0300-10.22.43-150x150.png 150w, https:\/\/meotec.com\/wp-content\/uploads\/2021\/07\/Capture-de\u0301cran-2021-07-15-a\u0300-10.22.43-300x297.png 300w, https:\/\/meotec.com\/wp-content\/uploads\/2021\/07\/Capture-de\u0301cran-2021-07-15-a\u0300-10.22.43-570x570.png 570w, https:\/\/meotec.com\/wp-content\/uploads\/2021\/07\/Capture-de\u0301cran-2021-07-15-a\u0300-10.22.43-500x500.png 500w, https:\/\/meotec.com\/wp-content\/uploads\/2021\/07\/Capture-de\u0301cran-2021-07-15-a\u0300-10.22.43-1000x1000.png 1000w, https:\/\/meotec.com\/wp-content\/uploads\/2021\/07\/Capture-de\u0301cran-2021-07-15-a\u0300-10.22.43-700x693.png 700w\" sizes=\"(max-width: 150px) 100vw, 150px\" \/><\/div>\n\t\t<\/div>\n\t<\/div>\n\n\t<div class=\"wpb_text_column wpb_content_element  vc_custom_1629124086670\">\n\t\t<div class=\"wpb_wrapper\">\n\t\t\t<h2 style=\"text-align: center;\"><strong>EXTERNALIZACI\u00d3N<\/strong> o\u00a0<strong>BPO<\/strong><\/h2>\n\n\t\t<\/div>\n\t<\/div>\n\t<div class=\"wpb_text_column wpb_content_element \">\n\t\t<div class=\"wpb_wrapper\">\n\t\t\t<div class=\"page\" title=\"Page 2\">\n<div class=\"section\">\n<div class=\"layoutArea\">\n<div class=\"column\">\n<h3 style=\"text-align: center;\"><span style=\"color: #000000;\"><span style=\"color: #f7a824;\"><strong>Externalizaci\u00f3n<\/strong><\/span> o <span style=\"color: #f7a824;\"><strong>BPO<\/strong><\/span> para hacerse cargo de la totalidad o parte de las operaciones de un cliente, ya sea en una organizaci\u00f3n con una \u201cplataforma de proyectos\u201d, en un centro de servicio o incluso en r\u00e9gimen de tiempo compartido.<\/span><\/h3>\n<\/div>\n<\/div>\n<\/div>\n<\/div>\n\n\t\t<\/div>\n\t<\/div>\n\t<div class=\"wpb_text_column wpb_content_element  vc_custom_1629124287715\">\n\t\t<div class=\"wpb_wrapper\">\n\t\t\t<h4>Beneficios<\/h4>\n<p>&nbsp;<\/p>\n<div class=\"page\" title=\"Page 2\">\n<div class=\"section\">\n<div class=\"layoutArea\">\n<div class=\"column\">\n<ul>\n<li>Aproveche la experiencia de nuestros consultores para acelerar sus proyectos<\/li>\n<li>Nuestros asesores est\u00e1n a su disposici\u00f3n para poner a su disposici\u00f3n su experiencia y conocimientos en cualquier momento<\/li>\n<li>Nuestra metodolog\u00eda flexible y escalable le permite externalizar la totalidad o parte de su proyecto, garantiz\u00e1ndole informes peri\u00f3dicos y asistencia adaptada a sus necesidades<\/li>\n<\/ul>\n<\/div>\n<\/div>\n<\/div>\n<\/div>\n\n\t\t<\/div>\n\t<\/div><\/div><\/div><\/div><\/div><\/div><\/div>\n<\/div>","protected":false},"excerpt":{"rendered":"Ofrecemos 3 modos de intervenci\u00f3n CONSULTOR\u00cdA Consultor\u00eda para realizar diagn\u00f3sticos y formular recomendaciones para mejorar el rendimiento de nuestros clientes...","protected":false},"author":7,"featured_media":0,"parent":0,"menu_order":0,"comment_status":"closed","ping_status":"closed","template":"full_width.php","meta":{"_seopress_robots_primary_cat":"","_seopress_titles_title":"","_seopress_titles_desc":"","_seopress_robots_index":"","footnotes":""},"class_list":["post-6870","page","type-page","status-publish","hentry"],"_links":{"self":[{"href":"https:\/\/meotec.com\/es\/wp-json\/wp\/v2\/pages\/6870","targetHints":{"allow":["GET"]}}],"collection":[{"href":"https:\/\/meotec.com\/es\/wp-json\/wp\/v2\/pages"}],"about":[{"href":"https:\/\/meotec.com\/es\/wp-json\/wp\/v2\/types\/page"}],"author":[{"embeddable":true,"href":"https:\/\/meotec.com\/es\/wp-json\/wp\/v2\/users\/7"}],"replies":[{"embeddable":true,"href":"https:\/\/meotec.com\/es\/wp-json\/wp\/v2\/comments?post=6870"}],"version-history":[{"count":0,"href":"https:\/\/meotec.com\/es\/wp-json\/wp\/v2\/pages\/6870\/revisions"}],"wp:attachment":[{"href":"https:\/\/meotec.com\/es\/wp-json\/wp\/v2\/media?parent=6870"}],"curies":[{"name":"wp","href":"https:\/\/api.w.org\/{rel}","templated":true}]}}