{"id":6855,"date":"2019-11-21T15:11:06","date_gmt":"2019-11-21T15:11:06","guid":{"rendered":"https:\/\/meotec.com\/mentions-legales\/"},"modified":"2026-04-17T16:43:49","modified_gmt":"2026-04-17T14:43:49","slug":"avisos-legales","status":"publish","type":"page","link":"https:\/\/meotec.com\/es\/avisos-legales\/","title":{"rendered":"Avisos Legales"},"content":{"rendered":"<div class=\"wpb-content-wrapper\"><div      class=\"vc_row wpb_row section vc_row-fluid  vc_custom_1580211347667\" style=' text-align:left;'><div class=\" full_section_inner clearfix\"><div class=\"wpb_column vc_column_container vc_col-sm-12\"><div class=\"vc_column-inner\"><div class=\"wpb_wrapper\">\n\t<div class=\"wpb_text_column wpb_content_element \">\n\t\t<div class=\"wpb_wrapper\">\n\t\t\t<p>Este documento constituye las condiciones generales de uso del sitio accesible en la direcci\u00f3n &#8221; <u>https:\\\\www.meotec.com <\/u>&#8221; (en lo sucesivo, el sitio).<\/p>\n<p>Nuestro sitio web ha sido creado y editado por MEOTEC SAS.<\/p>\n<p>Al acceder o utilizar nuestro sitio, se considera que el usuario acepta estos t\u00e9rminos y condiciones y nos reservamos el derecho de denegar el acceso a todo o parte del sitio a cualquier usuario que no los cumpla.<\/p>\n<h2><\/h2>\n<h2><strong>Presentaci\u00f3n de MEOTEC<\/strong><\/h2>\n<p>Forma jur\u00eddica : Soci\u00e9t\u00e9 par Actions Simplifi\u00e9es<br \/>\nCapital social : 51.140 euros<br \/>\nRCS : 485 096 218 (Nanterre)<br \/>\nN\u00famero de IVA intracomunitario : FR91485096218<br \/>\nOficina central : 27\/33 Quai Alphonse LE GALLO &#8211; 92100 Boulogne-Billancourt<br \/>\nRepresentante legal : Sr. Richard CARON (Presidente)<\/p>\n<p>Director editorial: Richard Caron<\/p>\n<p>Correo electr\u00f3nico de contacto : info@meotec.com<\/p>\n<p>Direcci\u00f3n de contacto: MEOTEC &#8211; Departamento de Comunicaci\u00f3n y Marketing<br \/>\n27-33 Quai Alphonse LE GALLO &#8211; 92100 Boulogne-Billancourt<\/p>\n<h2><\/h2>\n<h2><strong>Jurisdicci\u00f3n<\/strong><\/h2>\n<p>Nuestro sitio est\u00e1 sujeto a la legislaci\u00f3n francesa, a las jurisdicciones francesas y tiene el franc\u00e9s como lengua oficial.<\/p>\n<p>La relaci\u00f3n entre MEOTEC y el Usuario tambi\u00e9n se rige por las leyes y reglamentos franceses vigentes.<\/p>\n<h2><\/h2>\n<h2><strong>Propiedad intelectual<\/strong><\/h2>\n<p>Nuestro sitio y cada uno de sus componentes (marcas, gr\u00e1ficos, fotograf\u00edas, etc.) se rigen por la legislaci\u00f3n francesa, en particular la relativa a los derechos de autor, las bases de datos y la propiedad intelectual.<\/p>\n<p>Todas las dem\u00e1s marcas comerciales mencionadas son propiedad de sus respectivos due\u00f1os. Cualquier reproducci\u00f3n, representaci\u00f3n, publicaci\u00f3n, transmisi\u00f3n o, de forma m\u00e1s general, cualquier uso no autorizado de nuestra p\u00e1gina web y\/o de sus elementos compromete su responsabilidad y puede dar lugar a acciones judiciales, especialmente por falsificaci\u00f3n.<\/p>\n<p>Adem\u00e1s, el Usuario se compromete a no enviar o transmitir textos o im\u00e1genes contrarios a la ley o susceptibles de herir la sensibilidad, especialmente por un contenido odioso o pornogr\u00e1fico, o que inciten a comportamientos del mismo tipo. MEOTEC se reserva el derecho de tomar cualquier medida o emprender cualquier acci\u00f3n que se considere necesaria en el caso de que su sitio sea utilizado para distribuir elementos de esta naturaleza.<\/p>\n<h2><\/h2>\n<h2><strong>Responsabilidad<\/strong><\/h2>\n<p>Nuestro sitio puede contener enlaces a otros sitios que no operamos. MEOTEC no se hace responsable del contenido, la publicidad, los productos, los servicios o cualquier otro material disponible en estos sitios o fuentes externas que no han sido verificados ni aprobados por nuestros equipos.<\/p>\n<p>Nos comprometemos a hacer todo lo posible para proporcionar informaci\u00f3n actualizada y precisa. Sin embargo, no nos hacemos responsables de los errores, omisiones o resultados que puedan obtenerse por el mal uso de esta informaci\u00f3n. Nos reservamos el derecho de corregir dichos errores tan pronto como se nos comuniquen.<\/p>\n<p>La descarga de cualquier material durante el uso del servicio es bajo su propio riesgo. El usuario ser\u00e1 el \u00fanico responsable de cualquier da\u00f1o en su ordenador o de la p\u00e9rdida de datos resultante de dicha descarga. De forma m\u00e1s general, MEOTEC no se hace responsable de los da\u00f1os directos y\/o indirectos derivados del uso de este sitio.<\/p>\n<h2>Gesti\u00f3n de reclamaciones<\/h2>\n<p>Cualquier queja y\/o descontento debe enviarse por correo electr\u00f3nico a <a href=\"mailto:reclamation@meogroup.eu\">reclamation@meogroup.eu<\/a>.<\/p>\n<p>Nuestro Departamento de Reclamaciones acusar\u00e1 recibo de su reclamaci\u00f3n, la analizar\u00e1 y le dar\u00e1 una respuesta en un plazo de 48 horas laborables. Si MEOTEC no puede cumplir este plazo, se le informar\u00e1 del motivo del retraso y del tiempo estimado de tramitaci\u00f3n.<\/p>\n<h2><strong>Pol\u00edtica de gesti\u00f3n de cookies<\/strong><\/h2>\n<p>Las cookies son peque\u00f1os archivos de texto que se colocan y almacenan en el ordenador o en el tel\u00e9fono inteligente desde el que un usuario visita un sitio. Estas cookies registran cierta informaci\u00f3n, siempre que el usuario las haya aceptado.<\/p>\n<p>MEOTEC utiliza las cookies principalmente para :<\/p>\n<ul>\n<li>Para recopilar estad\u00edsticas y analizar el rendimiento de nuestro sitio,<\/li>\n<li>Para almacenar las preferencias y los ajustes del usuario.<\/li>\n<\/ul>\n<p>Para m\u00e1s informaci\u00f3n, visite nuestra secci\u00f3n de Pol\u00edtica de Cookies.<\/p>\n<h2><\/h2>\n<h2><strong>Pol\u00edtica de protecci\u00f3n de datos personales<\/strong><\/h2>\n<p>Los datos personales son informaci\u00f3n que identifica directa o indirectamente a una persona f\u00edsica (por ejemplo, nombre, n\u00famero de tel\u00e9fono, fotograf\u00eda, fecha de nacimiento, municipio de residencia, huella dactilar, etc.).<\/p>\n<p>Utilizamos sus datos personales principalmente para :<\/p>\n<ul>\n<li>Vuelva a ponerse en contacto con el usuario lo antes posible,<\/li>\n<li>Identificar las asignaciones compatibles con el perfil del usuario en el caso de una aplicaci\u00f3n.<\/li>\n<\/ul>\n<p>Para m\u00e1s informaci\u00f3n, visite nuestra secci\u00f3n de Pol\u00edtica de Privacidad.<\/p>\n<h2><\/h2>\n<h2><strong>Alojamiento y seguridad<\/strong><\/h2>\n<p>Nuestro sitio est\u00e1 alojado en la empresa INFOMANIAK, en servidores seguros en Europa:<br \/>\nForma jur\u00eddica: Empresa an\u00f3nima (SA)<\/p>\n<p>N\u00famero de IVA: CHE-103.167.648<\/p>\n<p>Domicilio social: Rue Eug\u00e8ne-Marziano 25, 1227 Ginebra, Suiza<\/p>\n<p>Hacemos todo lo posible para garantizar su protecci\u00f3n. Sin embargo, dado que Internet es un sistema abierto, MEOTEC no puede garantizar la seguridad de la informaci\u00f3n que el Usuario nos transmita a trav\u00e9s de Internet y no se hace responsable de cualquier uso ileg\u00edtimo o fraudulento por parte de un tercero no autorizado.<\/p>\n<h2><\/h2>\n<h2><strong>Disponibilidad <\/strong><\/h2>\n<p>MEOTEC podr\u00e1 en cualquier momento modificar o interrumpir temporal o permanentemente todo o parte del sitio web para realizar operaciones de mantenimiento y\/o mejoras\/modificaciones.<\/p>\n<h2><\/h2>\n<h2><strong>Modificaciones de este documento<\/strong><\/h2>\n<p>MEOTEC puede modificar el presente documento. En este caso, las modificaciones realizadas ser\u00e1n aplicables en cuanto se pongan en l\u00ednea.<\/p>\n\n\t\t<\/div>\n\t<\/div><\/div><\/div><\/div><\/div><\/div>\n<\/div>","protected":false},"excerpt":{"rendered":"Este documento constituye las condiciones generales de uso del sitio accesible en la direcci\u00f3n \" https:\\\\www.meotec.com \" (en lo sucesivo,...","protected":false},"author":26,"featured_media":0,"parent":0,"menu_order":20,"comment_status":"closed","ping_status":"closed","template":"","meta":{"_seopress_robots_primary_cat":"","_seopress_titles_title":"","_seopress_titles_desc":"","_seopress_robots_index":"","footnotes":""},"class_list":["post-6855","page","type-page","status-publish","hentry"],"_links":{"self":[{"href":"https:\/\/meotec.com\/es\/wp-json\/wp\/v2\/pages\/6855","targetHints":{"allow":["GET"]}}],"collection":[{"href":"https:\/\/meotec.com\/es\/wp-json\/wp\/v2\/pages"}],"about":[{"href":"https:\/\/meotec.com\/es\/wp-json\/wp\/v2\/types\/page"}],"author":[{"embeddable":true,"href":"https:\/\/meotec.com\/es\/wp-json\/wp\/v2\/users\/26"}],"replies":[{"embeddable":true,"href":"https:\/\/meotec.com\/es\/wp-json\/wp\/v2\/comments?post=6855"}],"version-history":[{"count":0,"href":"https:\/\/meotec.com\/es\/wp-json\/wp\/v2\/pages\/6855\/revisions"}],"wp:attachment":[{"href":"https:\/\/meotec.com\/es\/wp-json\/wp\/v2\/media?parent=6855"}],"curies":[{"name":"wp","href":"https:\/\/api.w.org\/{rel}","templated":true}]}}