{"id":6781,"date":"2021-07-23T14:04:35","date_gmt":"2021-07-23T13:04:35","guid":{"rendered":"https:\/\/meotec.com\/data-protection-regulation\/"},"modified":"2023-08-24T11:33:11","modified_gmt":"2023-08-24T09:33:11","slug":"gdpr","status":"publish","type":"page","link":"https:\/\/meotec.com\/es\/gdpr\/","title":{"rendered":"Pol\u00edtica de privacidad del sitio web"},"content":{"rendered":"<div class=\"wpb-content-wrapper\"><div      class=\"vc_row wpb_row section vc_row-fluid  vc_custom_1580211439161 grid_section\" style=' text-align:left;'><div class=\" section_inner clearfix\"><div class='section_inner_margin clearfix'><div class=\"wpb_column vc_column_container vc_col-sm-12\"><div class=\"vc_column-inner\"><div class=\"wpb_wrapper\">\n\t<div class=\"wpb_text_column wpb_content_element \">\n\t\t<div class=\"wpb_wrapper\">\n\t\t\t<p><strong><u>POL\u00cdTICA DE PRIVACIDAD<\/u><\/strong><\/p>\n<p>&nbsp;<\/p>\n<p>La presente Pol\u00edtica de Protecci\u00f3n de Datos Personales informa a los usuarios de Internet sobre las pr\u00e1cticas implementadas por MEOTEC en el marco del uso del sitio web accesible en la direcci\u00f3n &#8221; <u>https:\\\\www.meotec.com <\/u>&#8220;. (en adelante, el sitio), de acuerdo con el principio del derecho a la privacidad y con el Reglamento General de Protecci\u00f3n de Datos Personales (aplicable desde el 25\/05\/2018).<\/p>\n<p>Este documento complementa las condiciones generales de uso de nuestro sitio web (v\u00e9ase el aviso legal).<\/p>\n<p>&nbsp;<\/p>\n<p><strong>Menores<\/strong><\/p>\n<p>La Pol\u00edtica no est\u00e1 destinada a los menores. Comprendemos la importancia de proteger los datos personales de los menores, especialmente en un entorno virtual, y por ello no recogemos ni conservamos datos de menores.<\/p>\n<p>&nbsp;<\/p>\n<p><strong>Discriminaci\u00f3n<\/strong><\/p>\n<p>Meotec respeta las normas deontol\u00f3gicas de la profesi\u00f3n y las disposiciones legales relativas al tratamiento de los datos personales con el fin de evitar cualquier riesgo de discriminaci\u00f3n.<\/p>\n<p>Le recomendamos que no revele ninguna informaci\u00f3n personal que no est\u00e9 relacionada con sus competencias profesionales y, m\u00e1s concretamente, que se abstenga de mencionar su origen, situaci\u00f3n familiar, estado de salud, moral, orientaci\u00f3n sexual, opiniones pol\u00edticas, aspecto f\u00edsico (fotograf\u00eda), actividades sindicales, pertenencia o no a una etnia, naci\u00f3n, raza o creencias religiosas.<\/p>\n<p>&nbsp;<\/p>\n<p><strong>Recogida, uso y divulgaci\u00f3n<\/strong><\/p>\n<ul>\n<li><strong>Formularios de recogida<\/strong><\/li>\n<\/ul>\n<p>MEOTEC garantiza que s\u00f3lo se recogen los datos estrictamente necesarios para la realizaci\u00f3n de los servicios suscritos por el Usuario.<\/p>\n<p>Asimismo, cuando el usuario es un simple visitante de nuestro sitio web, MEOTEC no recoge ning\u00fan dato personal sobre \u00e9l.<\/p>\n<p>Sin embargo, cuando el Usuario se registre en un servicio, MEOTEC s\u00f3lo recoger\u00e1 los datos personales que el Usuario nos comunique a trav\u00e9s de :<\/p>\n<ul>\n<li>Un formulario de &#8220;Contacto&#8221; en la pesta\u00f1a &#8220;Contacto&#8221; de este sitio web,<\/li>\n<li>Un formulario de contacto, &#8220;Que le llamen&#8221; en la parte inferior de cada p\u00e1gina de este sitio web,<\/li>\n<li>Un formulario de solicitud &#8220;Applyto Meotec&#8221;, en la pesta\u00f1a &#8220;Career&#8221;.<\/li>\n<\/ul>\n<p>&nbsp;<\/p>\n<ul>\n<li><strong>Datos recogidos<\/strong><\/li>\n<\/ul>\n<p>En el formulario de contacto&#8221;Contacte con nosotros&#8221;, deber\u00e1 rellenar los siguientes datos personales:<\/p>\n<ul>\n<li>Su nombre y apellido,<\/li>\n<li>El nombre de su empresa,<\/li>\n<li>N\u00famero de tel\u00e9fono,<\/li>\n<li>Direcci\u00f3n de correo electr\u00f3nico,<\/li>\n<\/ul>\n<p>Otra informaci\u00f3n relacionada con su solicitud (experiencia, informaci\u00f3n adicional) se recoger\u00e1 de forma opcional.<\/p>\n<p>En el formulario de contacto &#8220;Que me llamen&#8221;, se deben rellenar los siguientes datos personales:<\/p>\n<ul>\n<li>Nombre de su empresa,<\/li>\n<li>N\u00famero de tel\u00e9fono,<\/li>\n<li>Direcci\u00f3n de correo electr\u00f3nico.<\/li>\n<\/ul>\n<p>En el formulario de solicitud &#8220;Solicitar a Meotec&#8221;, se deben rellenar los siguientes datos personales:<\/p>\n<ul>\n<li>Nombre,<\/li>\n<li>Nombre,<\/li>\n<li>Direcci\u00f3n de correo electr\u00f3nico,<\/li>\n<li>N\u00famero de tel\u00e9fono,<\/li>\n<li>Curriculum vitae (estado civil, foto, formaci\u00f3n, experiencia profesional, etc.)<\/li>\n<\/ul>\n<p>&nbsp;<\/p>\n<ul>\n<li><strong>Finalidad del tratamiento<\/strong><\/li>\n<\/ul>\n<p>Esta informaci\u00f3n se recoge para poder <strong>contactar con el usuario lo antes posible <\/strong>(y en el caso de una solicitud de empleo, para <strong>identificar las tareas compatibles con su perfil<\/strong>). Es necesario el consentimiento expl\u00edcito del Usuario, por lo que una nota dedicada a este fin est\u00e1 presente en los formularios del sitio. El Usuario puede retirar su consentimiento en cualquier momento sin que ello afecte a su relaci\u00f3n con MEOTEC.<\/p>\n<p>&nbsp;<\/p>\n<p>Sin embargo, MEOTEC no recoge y\/o recopila los datos personales o la informaci\u00f3n obtenida a trav\u00e9s de este sitio web con fines comerciales, de marketing o de env\u00edo de correos electr\u00f3nicos en nombre de terceros.<\/p>\n<p>Tampoco se transferir\u00e1 la informaci\u00f3n del usuario fuera de la Uni\u00f3n Europea.<\/p>\n<p>Por \u00faltimo, no se tomar\u00e1 ninguna decisi\u00f3n de forma autom\u00e1tica\/automatizada.<\/p>\n<p>&nbsp;<\/p>\n<ul>\n<li><strong>Retenci\u00f3n de datos<\/strong><\/li>\n<\/ul>\n<p>Al aceptar las condiciones de uso, el usuario acepta que sus datos sean almacenados en formato digital en una base de datos segura y propia.<\/p>\n<p>Estos datos se conservan durante un per\u00edodo de dos a\u00f1os despu\u00e9s del \u00faltimo contacto entre el usuario y MEOTEC.<\/p>\n<p>&nbsp;<\/p>\n<ul>\n<li><strong>Accesibilidad y divulgaci\u00f3n de datos<\/strong><\/li>\n<\/ul>\n<p>Los datos recogidos a trav\u00e9s del formulario de contacto son accesibles para algunos asociados de MEOTEC. Se encargan de filtrar y redistribuir la solicitud al contacto MEOTEC correspondiente.<\/p>\n<p>Los datos recogidos a trav\u00e9s del formulario de solicitud son accesibles para el personal interno encargado de la contrataci\u00f3n:<\/p>\n<ul>\n<li>Departamento de Recursos Humanos<\/li>\n<li>Gerentes de empresa<\/li>\n<\/ul>\n<p>Tambi\u00e9n le informamos de que revelaremos los Datos Personales de un Usuario si nos vemos obligados a hacerlo por ley o por una orden judicial.<\/p>\n<p>&nbsp;<\/p>\n<p><strong>Actualizaci\u00f3n <\/strong><\/p>\n<p>Animamos al usuario a que nos informe lo antes posible de cualquier cambio en sus datos personales (direcci\u00f3n, datos de contacto, movilidad o, en general, su situaci\u00f3n) para que podamos mantener su perfil actualizado en consecuencia.<\/p>\n<p>&nbsp;<\/p>\n<p><strong>Enlaces con terceros<\/strong><\/p>\n<p>Nuestro sitio web <a href=\"https:\/\/meotec.com\">www.meotec.com <\/a>puede contener enlaces a otros sitios o plataformas de redes sociales (Facebook, LinkedIn, Twitter, Instagram, Hello Talent) que quedan fuera del \u00e1mbito de la Pol\u00edtica. MEOTEC no se responsabiliza de la forma en que se almacenan o utilizan los datos del Usuario en los servidores de terceros. Se aconseja al usuario que lea la pol\u00edtica de privacidad aplicable de cada sitio web de terceros al que acceda a trav\u00e9s de nuestro sitio web para entender c\u00f3mo se utilizar\u00e1n sus datos personales.<\/p>\n<p>MEOTEC puede comunicar ciertos datos a un socio \/ proveedor de servicios \/ cliente con el fin de proporcionar al Usuario el servicio o la informaci\u00f3n que ha solicitado (especificado en el momento de la recogida).<\/p>\n<p>&nbsp;<\/p>\n<p><strong>Uso de cookies<\/strong><\/p>\n<p>Las cookies son peque\u00f1os archivos de texto que se colocan y almacenan en el ordenador o en el tel\u00e9fono inteligente desde el que un usuario visita un sitio. Estas cookies registran cierta informaci\u00f3n, siempre que el usuario las haya aceptado.<\/p>\n<p>MEOTEC utiliza las cookies principalmente para :<\/p>\n<ul>\n<li>Para recopilar estad\u00edsticas y analizar el rendimiento de nuestro sitio,<\/li>\n<li>Para almacenar las preferencias y los ajustes del usuario.<\/li>\n<\/ul>\n<p>Para m\u00e1s informaci\u00f3n, visite nuestra secci\u00f3n &#8220;Pol\u00edtica de cookies de la UE&#8221;.<\/p>\n<p>&nbsp;<\/p>\n<p><strong>Seguridad<\/strong><\/p>\n<p>Los datos personales que recogemos pueden ser introducidos y procesados manualmente o en sistemas inform\u00e1ticos. MEOTEC utiliza medios t\u00e9cnicos que cumplen con las mejores pr\u00e1cticas de seguridad vigentes.<\/p>\n<ul>\n<li>Los empleados de MEOTEC que puedan tener acceso a ella en el ejercicio de sus funciones est\u00e1n sujetos a un acuerdo de confidencialidad,<\/li>\n<li>Los datos recogidos son enviados por MICROSOFT, nuestro proveedor de servicios de correo electr\u00f3nico, desde y hacia servidores seguros situados en Europa,<\/li>\n<li>Nuestro sitio est\u00e1 alojado por INFOMANIAK, en servidores seguros en Europa.<\/li>\n<\/ul>\n<p>Hacemos todo lo posible para garantizar su protecci\u00f3n. Sin embargo, dado que Internet es un sistema abierto, MEOTEC no puede garantizar la seguridad de la informaci\u00f3n que el Usuario nos transmita a trav\u00e9s de Internet y no se hace responsable de cualquier uso ileg\u00edtimo o fraudulento por parte de un tercero no autorizado.<\/p>\n<p>&nbsp;<\/p>\n<p><strong>Cambios en esta pol\u00edtica<\/strong><\/p>\n<p>MEOTEC puede modificar la presente pol\u00edtica. En este caso, los cambios realizados s\u00f3lo ser\u00e1n aplicables una vez transcurridos 30 d\u00edas h\u00e1biles desde que se realiz\u00f3 el cambio.<\/p>\n<p>&nbsp;<\/p>\n<p><strong>Tecnolog\u00eda de la informaci\u00f3n y libertades civiles<\/strong><\/p>\n<p>En aplicaci\u00f3n de la ley 78-17 del 6 de enero de 1978 y del Reglamento General Europeo de Protecci\u00f3n de Datos, en lo que respecta a los datos personales que le conciernen, el Usuario tiene los siguientes derechos<\/p>\n<ul>\n<li>Un derecho de acceso,<\/li>\n<li>Un derecho de enmienda,<\/li>\n<li>Un derecho de supresi\u00f3n,<\/li>\n<li>Un derecho de portabilidad,<\/li>\n<li>Derecho a restringir el tratamiento<\/li>\n<li>El derecho a oponerse al tratamiento.<\/li>\n<\/ul>\n<p>Para cualquier pregunta o solicitud adicional, p\u00f3ngase en contacto con<\/p>\n<ul>\n<li>Escr\u00edbanos a <a href=\"mailto:dpo@meotec.com\">dpo@meotec.com,<\/a><\/li>\n<\/ul>\n<p>MEOTEC se compromete a responder a cualquier solicitud de ejercicio de sus derechos en el plazo legal vigente (1 mes).<\/p>\n<ul>\n<li>P\u00f3ngase en contacto con nosotros en la siguiente direcci\u00f3n<\/li>\n<\/ul>\n<p>MEOTEC<\/p>\n<p>A la atenci\u00f3n del RPD<\/p>\n<p>27-33 Quai Alphonse LE GALLO<\/p>\n<p>92100 Boulogne-Billancourt<\/p>\n<p>&nbsp;<\/p>\n<p>Tambi\u00e9n tiene derecho a reclamar ante la Comisi\u00f3n Nacional de la Inform\u00e1tica y las Libertades (<a href=\"http:\/\/www.cnil.fr\" target=\"_blank\" rel=\"noopener\">www.cnil.fr<\/a>).<\/p>\n\n\t\t<\/div>\n\t<\/div><\/div><\/div><\/div><\/div><\/div><\/div>\n<\/div>","protected":false},"excerpt":{"rendered":"POL\u00cdTICA DE PRIVACIDAD &nbsp; La presente Pol\u00edtica de Protecci\u00f3n de Datos Personales informa a los usuarios de Internet sobre las...","protected":false},"author":26,"featured_media":0,"parent":0,"menu_order":50,"comment_status":"closed","ping_status":"closed","template":"","meta":{"_seopress_robots_primary_cat":"","_seopress_titles_title":"","_seopress_titles_desc":"","_seopress_robots_index":"","footnotes":""},"class_list":["post-6781","page","type-page","status-publish","hentry"],"_links":{"self":[{"href":"https:\/\/meotec.com\/es\/wp-json\/wp\/v2\/pages\/6781","targetHints":{"allow":["GET"]}}],"collection":[{"href":"https:\/\/meotec.com\/es\/wp-json\/wp\/v2\/pages"}],"about":[{"href":"https:\/\/meotec.com\/es\/wp-json\/wp\/v2\/types\/page"}],"author":[{"embeddable":true,"href":"https:\/\/meotec.com\/es\/wp-json\/wp\/v2\/users\/26"}],"replies":[{"embeddable":true,"href":"https:\/\/meotec.com\/es\/wp-json\/wp\/v2\/comments?post=6781"}],"version-history":[{"count":0,"href":"https:\/\/meotec.com\/es\/wp-json\/wp\/v2\/pages\/6781\/revisions"}],"wp:attachment":[{"href":"https:\/\/meotec.com\/es\/wp-json\/wp\/v2\/media?parent=6781"}],"curies":[{"name":"wp","href":"https:\/\/api.w.org\/{rel}","templated":true}]}}