{"id":12861,"date":"2020-01-28T10:55:48","date_gmt":"2020-01-28T09:55:48","guid":{"rendered":"https:\/\/meotec.com\/rgpd\/"},"modified":"2024-04-19T10:17:06","modified_gmt":"2024-04-19T08:17:06","slug":"politica-de-proteccio-de-dades-personals","status":"publish","type":"page","link":"https:\/\/meotec.com\/ca\/politica-de-proteccio-de-dades-personals\/","title":{"rendered":"Pol\u00edtica de protecci\u00f3 de dades personals"},"content":{"rendered":"<div class=\"wpb-content-wrapper\"><div      class=\"vc_row wpb_row section vc_row-fluid  vc_custom_1580211439161 grid_section\" style=' text-align:left;'><div class=\" section_inner clearfix\"><div class='section_inner_margin clearfix'><div class=\"wpb_column vc_column_container vc_col-sm-12\"><div class=\"vc_column-inner\"><div class=\"wpb_wrapper\">\n\t<div class=\"wpb_text_column wpb_content_element \">\n\t\t<div class=\"wpb_wrapper\">\n\t\t\t<p><strong><u>POL\u00cdTICA DE PROTECCI\u00d3 DE DADES PERSONALS<\/u><\/strong><\/p>\n<p><strong>\u00a0<\/strong><\/p>\n<p>Aquesta Pol\u00edtica de Protecci\u00f3 de Dades Personals informa els internautes sobre les pr\u00e0ctiques aplicades per MEOTEC en el context de l&#8217;\u00fas del lloc web al qual s&#8217;accedeix mitjan\u00e7ant l&#8217;adre\u00e7a &#8220;<u>https:\/\/meotec.com<\/u>&#8221; (en endavant &#8220;el lloc&#8221;), de conformitat amb el principi del dret a la privacitat i amb el Reglament General de Protecci\u00f3 de Dades (aplicable des del 25\/05\/2018).<\/p>\n<p>Aquest document completa les condicions generals d&#8217;\u00fas del nostre lloc web (vegeu els avisos legals).<\/p>\n<p>&nbsp;<\/p>\n<p><strong>Menors<\/strong><br \/>\nAquests Principis no van adre\u00e7ats a menors. Som conscients de la import\u00e0ncia de protegir les dades personals relatives a menors, en particular en un entorn virtual, i per aix\u00f2 la nostra voluntat \u00e9s de no recopilar, ni conservar dades sobre menors.<\/p>\n<p>&nbsp;<\/p>\n<p><strong>Discriminaci\u00f3<\/strong><\/p>\n<p>Meotec respecta les regles deontol\u00f2giques de la professi\u00f3 i les disposicions legals en mat\u00e8ria de processament de les dades personals per tal de prevenir qualsevol risc de discriminaci\u00f3.<\/p>\n<p>Recomanem a l&#8217;usuari no fer refer\u00e8ncia a cap dada personal que no tingui a veure amb les seves compet\u00e8ncies professionals i m\u00e9s espec\u00edficament que s&#8217;abstingui de fer qualsevol refer\u00e8ncia que tingui a veure amb el seu origen, la seva situaci\u00f3 familiar, la seva salut, els seus costums, la seva orientaci\u00f3 sexual, les seves opinions pol\u00edtiques, les seves activitats sindicals, la seva pertinen\u00e7a o no a una \u00e8tnia, una naci\u00f3, una ra\u00e7a o les seves conviccions religioses.<\/p>\n<p>&nbsp;<\/p>\n<p><strong>Recopilaci\u00f3, \u00fas i divulgaci\u00f3<\/strong><\/p>\n<ul>\n<li><strong>Formularis de recopilaci\u00f3<\/strong><\/li>\n<\/ul>\n<p>MEOTEC garanteix que nom\u00e9s es recopilen les dades estrictament necess\u00e0ries per a la prestaci\u00f3 dels serveis a qu\u00e8 l&#8217;Usuari s&#8217;hagi subscrit.<\/p>\n<p>A m\u00e9s a m\u00e9s, si l&#8217;Usuari nom\u00e9s visita el nostre lloc web, MEOTEC no en recopila cap dada personal.<\/p>\n<p>Tot i aix\u00f2, quan se subscriu a un servei dels que s&#8217;ofereixen, MEOTEC nom\u00e9s recopila les dades personals que l&#8217;Usuari ens comunica a trav\u00e9s dels elements seg\u00fcents:<\/p>\n<ul>\n<li>Un formulari de contacte &#8220;Contactar amb nosaltres&#8221; a la pestanya &#8220;Contacte&#8221; d&#8217;aquest lloc web<\/li>\n<li>Un formulari de contacta &#8220;Truqueu-me&#8221; a la part inferior de cadascuna de les p\u00e0gines d&#8217;aquest lloc web<\/li>\n<li>Un formulari de candidatura &#8220;Presentar candidatura a Meotec&#8221; a la pestanya &#8220;Carreres&#8221;<\/li>\n<\/ul>\n<p>&nbsp;<\/p>\n<ul>\n<li><strong>Dades recopilades<\/strong><\/li>\n<\/ul>\n<p>Al formulari &#8220;Contactar amb nosaltres&#8221; s&#8217;han d&#8217;indicar obligat\u00f2riament les dades personals seg\u00fcents:<\/p>\n<ul>\n<li>Cognoms i nom<\/li>\n<li>Nom de la vostra empresa<\/li>\n<li>N\u00famero de tel\u00e8fon<\/li>\n<li>Adre\u00e7a de correu electr\u00f2nic<\/li>\n<\/ul>\n<p>De manera opcional, tamb\u00e9 es recopilaran altres dades associades a la seva sol\u00b7licitud (experi\u00e8ncia, dades addicionals).<\/p>\n<p>Al formulari &#8220;Truqueu-me&#8221; s&#8217;han d&#8217;indicar obligat\u00f2riament les dades personals seg\u00fcents:<\/p>\n<ul>\n<li>Nom de la vostra empresa<\/li>\n<li>Adre\u00e7a de correu electr\u00f2nic<\/li>\n<li>N\u00famero de tel\u00e8fon<\/li>\n<\/ul>\n<p>Al formulari &#8220;Presentar candidatura a Meotec&#8221; s&#8217;han d&#8217;indicar obligat\u00f2riament les dades personals seg\u00fcents:<\/p>\n<ul>\n<li>Nom<\/li>\n<li>Cognoms<\/li>\n<li>Adre\u00e7a de correu electr\u00f2nic<\/li>\n<li>N\u00famero de tel\u00e8fon<\/li>\n<li>Curriculum vitae (estat civil, fotografia, formaci\u00f3, experi\u00e8ncia professional, etc.)<\/li>\n<\/ul>\n<p>&nbsp;<\/p>\n<ul>\n<li><strong>Finalitat del processament<\/strong><\/li>\n<\/ul>\n<p>Les dades anteriors es recopilen per <strong>contactar amb l&#8217;Usuari<\/strong> al m\u00e9s aviat possible (en el cas d&#8217;una candidatura, <strong>per identificar missions compatibles amb el seu perfil<\/strong>). Com que el seu consentiment expl\u00edcit \u00e9s necessari, hi ha una refer\u00e8ncia espec\u00edfica en aquest sentit als formularis del lloc. L&#8217;Usuari pot retirar el seu consentiment en qualsevol moment sense que aix\u00f2 afecti les seves relacions amb MEOTEC.<\/p>\n<p>D&#8217;altra banda, MEOTEC no recopila ni compila dades personals o informaci\u00f3 obtinguda a trav\u00e9s d&#8217;aquest lloc web per fer-les servir amb finalitats comercials, en un context d&#8217;accions de m\u00e0rqueting o d&#8217;enviament de correu electr\u00f2nic per compte de tercers.<\/p>\n<p>Les dades de l&#8217;Usuari no es transferiran tampoc fora de la Uni\u00f3 Europea.<\/p>\n<p>Finalment, no es prendr\u00e0 cap decisi\u00f3 de manera autom\u00e0tica o automatitzada.<\/p>\n<p>&nbsp;<\/p>\n<ul>\n<li><strong>Conservaci\u00f3 de les dades<\/strong><\/li>\n<\/ul>\n<p>En acceptar les condicions d&#8217;\u00fas, l&#8217;Usuari accepta que les seves dades es conservin en format digital en una base de dades protegida i exclusiva.<\/p>\n<p>Aquestes dades es conserven durant dos anys despr\u00e9s del darrer contacte entre l&#8217;Usuari i MEOTEC.<\/p>\n<ul>\n<li><strong>Accessibilitat i divulgaci\u00f3 de les dades<\/strong><\/li>\n<\/ul>\n<p>Determinats col\u00b7laboradors de MEOTEC poden accedir a les dades recopilades a trav\u00e9s del formulari de contacte. S&#8217;encarreguen de filtrar i distribuir la sol\u00b7licitud a l&#8217;interlocutor adequat de MEOTEC.<\/p>\n<p>A les dades recopilades a trav\u00e9s del formulari de candidatura poden accedir empleats interns responsables de tasques de selecci\u00f3 de personal:<\/p>\n<ul>\n<li>Direcci\u00f3 de recursos humans<\/li>\n<li>Responsables d&#8217;activitat<\/li>\n<\/ul>\n<p>Informem tamb\u00e9 que comunicarem les dades personals d&#8217;un usuari si la llei ens hi obliga o en virtut d&#8217;una decisi\u00f3 judicial.<\/p>\n<p>&nbsp;<\/p>\n<p><strong>Actualitzaci\u00f3<\/strong><\/p>\n<p>Recomanem l&#8217;Usuari a informar-nos al m\u00e9s aviat possible sobre qualsevol modificaci\u00f3 sobre les seves dades personals (adre\u00e7a, dades personals, mobilitat o la seva situaci\u00f3 en general) perqu\u00e8 puguem mantenir actualitzat segons aix\u00f2 el seu perfil.<\/p>\n<p>&nbsp;<\/p>\n<p><strong>Enlla\u00e7 amb tercers<\/strong><\/p>\n<p>El nostre lloc web <a href=\"https:\/\/meotec.com\/ca\/\">www.meotec.com<\/a> pot contenir enlla\u00e7os amb altres llocs o plataformes de xarxes socials (Facebook, LinkedIn, Twitter, Instagram, Hello Talent) que no queden coberts per aquests Principis. En cap cas, MEOTEC incorrer\u00e0 en responsabilitat quant a la manera com les dades de l&#8217;Usuari s&#8217;emmagatzemin o utilitzin als servidors de tercers. Recomanem a l&#8217;Usuari informar-se sobre la pol\u00edtica aplicable en mat\u00e8ria de protecci\u00f3 de dades personals de cada lloc web al qual accedeixi a trav\u00e9s del nostre lloc web per valorar la manera com es faran servir les seves dades personals.<\/p>\n<p>\u00c9s possible que MEOTEC es vegi obligada a comunicar determinades dades a un soci, prove\u00efdor o client per tal de proporcionar a l&#8217;Usuari el servei o la informaci\u00f3 que hagi sol\u00b7licitat (s&#8217;indica durant la recopilaci\u00f3 de les dades).<\/p>\n<p>&nbsp;<\/p>\n<p><strong>\u00das de galetes<\/strong><\/p>\n<p>Les galetes (<i>cookies<\/i>) s\u00f3n fitxers petits de text que s&#8217;instal\u00b7len i emmagatzemen en un ordinador o un smartphone des del qual un usuari visita un lloc. Aquestes galetes enregistren determinades dades sempre que l&#8217;Usuari les hagi acceptat.<\/p>\n<p>MEOTEC utilitza galetes principalment per:<\/p>\n<ul>\n<li>Establir estad\u00edstiques i analitzar el rendiment del nostre lloc.<\/li>\n<li>Recordar les prefer\u00e8ncies i la configuraci\u00f3 de l&#8217;Usuari.<\/li>\n<\/ul>\n<p>Per obtenir-ne m\u00e9s informaci\u00f3, consulteu la nostra secci\u00f3 &#8220;Pol\u00edtica de galetes a la UE&#8221;.<\/p>\n<p>&nbsp;<\/p>\n<p><strong>Seguretat<\/strong><\/p>\n<p>Les dades de car\u00e0cter personal que recopilem es poden introduir i processar manualment o als nostres sistemes inform\u00e0tics. Els mitjans t\u00e8cnics implementats per MEOTEC s&#8217;ajusten a les bones pr\u00e0ctiques de seguretat actuals.<\/p>\n<ul>\n<li>Els empleats de MEOTEC que hi puguin tenir acc\u00e9s arran de la seva funci\u00f3 estan sotmesos a un acord de confidencialitat,<\/li>\n<li>MICROSOFT, el nostre prove\u00efdor de missatgeria, s&#8217;encarrega d&#8217;enviar les dades recopilades des de i fins a servidors protegits situats a Europa,<\/li>\n<li>El nostre lloc est\u00e0 allotjat per l&#8217;empresa INFOMANIAK, en servidors protegits a Europa.<\/li>\n<\/ul>\n<p>Fem tots els possibles per garantir-ne la protecci\u00f3. Tanmateix, en ser Internet un sistema obert, MEOTEC no pot garantir la seguretat de la informaci\u00f3 que l&#8217;Usuari ens transmet a trav\u00e9s d&#8217;Internet i declina tota responsabilitat en cas d&#8217;\u00fas il\u00b7leg\u00edtim o fraudulent per part d&#8217;un tercer no autoritzat.<\/p>\n<p>&nbsp;<\/p>\n<p><strong>Modificaci\u00f3 d&#8217;aquesta pol\u00edtica<\/strong><\/p>\n<p>MEOTEC pot modificar aquesta pol\u00edtica. En aquest cas, les modificacions nom\u00e9s seran aplicables transcorregut un termini de 30 dies h\u00e0bils a comptar des de la data de la modificaci\u00f3.<\/p>\n<p>&nbsp;<\/p>\n<p><strong>IInform\u00e0tica i llibertats<\/strong><\/p>\n<p>En aplicaci\u00f3 de la Llei francesa 78-17 de 6 de gener de 1978 i del Reglament General de Protecci\u00f3 de Dades europeu, pel que fa a les seves dades personals, l&#8217;Usuari disposa de:<\/p>\n<ul>\n<li>Dret d&#8217;acc\u00e9s,<\/li>\n<li>Dret de modificaci\u00f3,<\/li>\n<li>Dret de supressi\u00f3,<\/li>\n<li>Dret de portabilitat,<\/li>\n<li>Dret de limitaci\u00f3 de processament,<\/li>\n<li>Dret d&#8217;oposici\u00f3 al processament.<\/li>\n<\/ul>\n<p>&nbsp;<\/p>\n<p>Per a qualsevol pregunta o sol\u00b7licitud addicional:<\/p>\n<ul>\n<li>nvieu un correu electr\u00f2nic a <a href=\"mailto:dpo@meogroup.eu\">dpo@meogroup.eu<\/a>,<\/li>\n<\/ul>\n<p>MEOTEC es compromet a respondre totes les sol\u00b7licituds d&#8217;exercici dels vostres drets dins els terminis legals en vigor (1 mes).<\/p>\n<ul>\n<li>Poseu-vos en contacte amb nosaltres a l&#8217;adre\u00e7a seg\u00fcent:<\/li>\n<\/ul>\n<p>MEOTEC<\/p>\n<p>A l\u2019attention du DPO<\/p>\n<p>27-33 Quai Alphonse LE GALLO<\/p>\n<p>92100 Boulogne-Billancourt<\/p>\n<p>&nbsp;<\/p>\n<p>VTamb\u00e9 disposeu de dret de reclamaci\u00f3 que podeu exercir davant la Commission Nationale de l\u2019Informatique et des Libert\u00e9s francesa (<a href=\"http:\/\/www.cnil.fr\/\">www.cnil.fr<\/a>).<\/p>\n\n\t\t<\/div>\n\t<\/div><\/div><\/div><\/div><\/div><\/div><\/div>\n<\/div>","protected":false},"excerpt":{"rendered":"POL\u00cdTICA DE PROTECCI\u00d3 DE DADES PERSONALS \u00a0 Aquesta Pol\u00edtica de Protecci\u00f3 de Dades Personals informa els internautes sobre les pr\u00e0ctiques...","protected":false},"author":26,"featured_media":0,"parent":0,"menu_order":50,"comment_status":"closed","ping_status":"closed","template":"","meta":{"_seopress_robots_primary_cat":"","_seopress_titles_title":"","_seopress_titles_desc":"","_seopress_robots_index":"","footnotes":""},"class_list":["post-12861","page","type-page","status-publish","hentry"],"_links":{"self":[{"href":"https:\/\/meotec.com\/ca\/wp-json\/wp\/v2\/pages\/12861","targetHints":{"allow":["GET"]}}],"collection":[{"href":"https:\/\/meotec.com\/ca\/wp-json\/wp\/v2\/pages"}],"about":[{"href":"https:\/\/meotec.com\/ca\/wp-json\/wp\/v2\/types\/page"}],"author":[{"embeddable":true,"href":"https:\/\/meotec.com\/ca\/wp-json\/wp\/v2\/users\/26"}],"replies":[{"embeddable":true,"href":"https:\/\/meotec.com\/ca\/wp-json\/wp\/v2\/comments?post=12861"}],"version-history":[{"count":0,"href":"https:\/\/meotec.com\/ca\/wp-json\/wp\/v2\/pages\/12861\/revisions"}],"wp:attachment":[{"href":"https:\/\/meotec.com\/ca\/wp-json\/wp\/v2\/media?parent=12861"}],"curies":[{"name":"wp","href":"https:\/\/api.w.org\/{rel}","templated":true}]}}