{"id":12856,"date":"2019-11-21T15:11:06","date_gmt":"2019-11-21T15:11:06","guid":{"rendered":"https:\/\/meotec.com\/mentions-legales\/"},"modified":"2026-04-17T16:45:23","modified_gmt":"2026-04-17T14:45:23","slug":"avisos-legals","status":"publish","type":"page","link":"https:\/\/meotec.com\/ca\/avisos-legals\/","title":{"rendered":"Avisos legals"},"content":{"rendered":"<div class=\"wpb-content-wrapper\"><div      class=\"vc_row wpb_row section vc_row-fluid  vc_custom_1580211347667\" style=' text-align:left;'><div class=\" full_section_inner clearfix\"><div class=\"wpb_column vc_column_container vc_col-sm-12\"><div class=\"vc_column-inner\"><div class=\"wpb_wrapper\">\n\t<div class=\"wpb_text_column wpb_content_element \">\n\t\t<div class=\"wpb_wrapper\">\n\t\t\t<p>Aquest document constitueix les condicions generals d&#8217;\u00fas del lloc al qual es pot accedir des de l&#8217;adre\u00e7a &#8220;https:\/\/meotec.com&#8221; (en endavant, &#8220;el lloc&#8221;).<\/p>\n<p>El nostre lloc ha estat elaborat i editat per MEOTEC SAS.<\/p>\n<p>En accedir o en utilitzar el nostre lloc, es considera que l&#8217;Usuari accepta aquestes condicions generals, i ens reservem el dret a denegar l&#8217;acc\u00e9s al lloc totalment o parcial a qualsevol usuari que no les respecti.<\/p>\n<h2>Presentaci\u00f3 de MEOTEC<\/h2>\n<p>Forma jur\u00eddica: Societat per accions simplificades<\/p>\n<p>Capital Social: 51\u00a0140 euros<\/p>\n<p>Registre mercantil: 485 096 218 (Nanterre)<\/p>\n<p>N\u00fam. IVA intracomunitari: FR91485096218<\/p>\n<p>Seu social: 27\/33 Quai Alphonse LE GALLO \u2013 92100 Boulogne-Billancourt<\/p>\n<p>Representant legal: Richard CARON (President)<\/p>\n<p>Director de publicaci\u00f3: Richard CARON<\/p>\n<p>Correu electr\u00f2nic de contacte: hello@meotec.com<\/p>\n<p>Adre\u00e7a de contacte: MEOTEC \u2013 Service Communication &amp; Marketing 27-33 Quai Alphonse LE GALLO \u2013 92100 Boulogne-Billancourt<\/p>\n<h2>Jurisdicci\u00f3<\/h2>\n<p>El nostre lloc es regeix pel dret franc\u00e8s, les jurisdiccions franceses i la seva llengua oficial \u00e9s el franc\u00e8s. Les relacions que s&#8217;estableixin entre MEOTEC i l&#8217;Usuari es regeixen tamb\u00e9 per les normes i lleis franceses en vigor.<\/p>\n<h2>Propietat intel\u00b7lectual<\/h2>\n<p>El nostre lloc i cadascun dels elements que el composen (marques, elements gr\u00e0fics, fotografies, etc.) es regeixen per la legislaci\u00f3 francesa, en particular la relativa als drets d&#8217;autor, les bases de dades i la propietat intel\u00b7lectual.<\/p>\n<p>Les altres marques que es citen s\u00f3n propietat dels seus respectius titulars. Qualsevol reproducci\u00f3, representaci\u00f3, publicaci\u00f3, transmissi\u00f3 o, de manera m\u00e9s general, qualsevol \u00fas no autoritzat del nostre lloc o dels seus elements implica la responsabilitat de l&#8217;Usuari i pot donar lloc a actuacions judicials, en particular per c\u00f2pia il\u00b7legal.<\/p>\n<p>A m\u00e9s a m\u00e9s, l&#8217;Usuari es compromet a no enviar ni transmetre texts o imatges que contravinguin la llei o que puguin ferir la sensibilitat, en particular per contingut amb expressions d&#8217;odi, pornogr\u00e0fic o que inciti a comportaments del mateix tipus. MEOTEC es reserva el dret de prendre les mesures necess\u00e0ries o emprendre qualsevol acci\u00f3 que consideri necess\u00e0ria en el cas que el seu lloc s&#8217;utilitzi per difondre elements d&#8217;aquest tipus.<\/p>\n<h2>Responsabilitat<\/h2>\n<p>El nostre lloc pot contenir enlla\u00e7os a altres llocs de la gesti\u00f3 dels quals no ens encarreguem. MEOTEC no es fa responsable del contingut, els anuncis, els productes, els serveis o qualsevol altre material disponible en aquests llocs o a partir d&#8217;aquests llocs o fonts externes, que els nostres equips ni comproven ni aproven.<\/p>\n<p>Ens comprometem a fer tots els possibles per oferir informaci\u00f3 actualitzada i exacta. Tot i aix\u00f2, no ens fem responsables dels errors, omissions o resultats que s&#8217;obtinguin per un mal \u00fas d&#8217;aquesta informaci\u00f3. Ens reservem el dret a corregir aquests errors en el moment en qu\u00e8 en tinguem coneixement.<\/p>\n<p>En utilitzar el servei, l&#8217;Usuari assumeix la responsabilitat de la desc\u00e0rrega del material que es pugui baixar. L&#8217;Usuari ser\u00e0 l&#8217;\u00fanic responsable dels danys patits pel seu ordinador o de la p\u00e8rdua de dades derivats de la desc\u00e0rrega en q\u00fcesti\u00f3. De manera m\u00e9s general, MEOTEC no es podr\u00e0 considerar responsable en cas de danys directes o indirectes arran de l&#8217;\u00fas d&#8217;aquest lloc.<\/p>\n<h2>Gesti\u00f3 de les reclamacions<\/h2>\n<p>Les reclamacions o expressions d&#8217;insatisfacci\u00f3 s&#8217;han d&#8217;adre\u00e7ar per escrit i per correu electr\u00f2nic a <a href=\"mailto:reclamation@meogroup.eu\">reclamation@meogroup.eu<\/a>.<\/p>\n<p>El nostre servei de reclamacions confirmar\u00e0 la recepci\u00f3 de la reclamaci\u00f3, l&#8217;analitzar\u00e0 i hi donar\u00e0 resposta en un termini de 48 hores h\u00e0bils. En el cas que MEOTEC no pugui mantenir aquest termini, se us informar\u00e0 del motiu del retard i del termini de tramitaci\u00f3 estimat de la reclamaci\u00f3.<\/p>\n<h2>Pol\u00edtica de gesti\u00f3 de galetes<\/h2>\n<p>Les galetes (<i>cookies<\/i>) s\u00f3n fitxers petits de text que s&#8217;instal\u00b7len i emmagatzemen en un ordinador o un smartphone des del qual un usuari visita un lloc. Aquestes galetes enregistren determinades dades sempre que l&#8217;Usuari les hagi acceptat.<\/p>\n<p>MEOTEC utilitza galetes principalment per:<\/p>\n<p>\u2022 Establir estad\u00edstiques i analitzar el rendiment del nostre lloc.<\/p>\n<p>\u2022 Recordar les prefer\u00e8ncies i la configuraci\u00f3 de l&#8217;Usuari.<\/p>\n<p>Per obtenir-ne m\u00e9s informaci\u00f3, consulteu la nostra secci\u00f3 &#8220;Pol\u00edtica de gesti\u00f3 de galetes&#8221;.<\/p>\n<h2>Pol\u00edtica de protecci\u00f3 de dades personals<\/h2>\n<p>Una dada personal \u00e9s informaci\u00f3 que permet identificar directament o indirecta una persona f\u00edsica (per exemple, el nom, el n\u00famero de tel\u00e8fon, la fotografia, la data de naixement, el lloc de resid\u00e8ncia, l&#8217;empremta digital, etc.).<\/p>\n<p>Utilitzem les vostres dades personals principalment per:<\/p>\n<p>\u2022 Contactar amb l&#8217;Usuari al m\u00e9s aviat possible.<\/p>\n<p>\u2022 Identificar missions compatibles amb el perfil de l&#8217;Usuari en el cas de presentaci\u00f3 d&#8217;una candidatura.<\/p>\n<p>Per obtenir-ne m\u00e9s informaci\u00f3, consulteu la nostra secci\u00f3 &#8220;Pol\u00edtica de protecci\u00f3 de dades personals&#8221;.<\/p>\n<h2>Allotjament i seguretat<\/h2>\n<p>El nostre lloc est\u00e0 allotjat per l&#8217;empresa Infomaniak, en servidors protegits a Europa:<\/p>\n<p>Forma jur\u00eddica: Societat an\u00f2nima<\/p>\n<p>N\u00fam. d&#8217;IVA: CHE-103.167.648<\/p>\n<p>Seu social: Rue Eug\u00e8ne-Marziano 25, 1227 Ginebra, Su\u00efssa<\/p>\n<p>Fem tots els possibles per garantir-ne la protecci\u00f3. Tanmateix, en ser Internet un sistema obert, MEOTEC no pot garantir la seguretat de la informaci\u00f3 que l&#8217;Usuari ens transmet a trav\u00e9s d&#8217;Internet i declina tota responsabilitat en cas d&#8217;\u00fas il\u00b7leg\u00edtim o fraudulent per part d&#8217;un tercer no autoritzat.<\/p>\n<h2>Disponibilitat<\/h2>\n<p>MEOTEC pot modificar en qualsevol moment o interrompre de manera temporal o permanent el lloc totalment o parcialment per efectuar operacions de manteniment o millores i modificacions.<\/p>\n<h2>Modificaci\u00f3 d&#8217;aquest document<\/h2>\n<p>MEOTEC pot modificar aquest document. En aquest cas, les modificacions realitzades seran aplicables un cop s&#8217;hagin publicat en l\u00ednia.<\/p>\n\n\t\t<\/div>\n\t<\/div><\/div><\/div><\/div><\/div><\/div>\n<\/div>","protected":false},"excerpt":{"rendered":"Aquest document constitueix les condicions generals d'\u00fas del lloc al qual es pot accedir des de l'adre\u00e7a \"https:\/\/meotec.com\" (en endavant,...","protected":false},"author":26,"featured_media":0,"parent":0,"menu_order":20,"comment_status":"closed","ping_status":"closed","template":"","meta":{"_seopress_robots_primary_cat":"","_seopress_titles_title":"","_seopress_titles_desc":"","_seopress_robots_index":"","footnotes":""},"class_list":["post-12856","page","type-page","status-publish","hentry"],"_links":{"self":[{"href":"https:\/\/meotec.com\/ca\/wp-json\/wp\/v2\/pages\/12856","targetHints":{"allow":["GET"]}}],"collection":[{"href":"https:\/\/meotec.com\/ca\/wp-json\/wp\/v2\/pages"}],"about":[{"href":"https:\/\/meotec.com\/ca\/wp-json\/wp\/v2\/types\/page"}],"author":[{"embeddable":true,"href":"https:\/\/meotec.com\/ca\/wp-json\/wp\/v2\/users\/26"}],"replies":[{"embeddable":true,"href":"https:\/\/meotec.com\/ca\/wp-json\/wp\/v2\/comments?post=12856"}],"version-history":[{"count":0,"href":"https:\/\/meotec.com\/ca\/wp-json\/wp\/v2\/pages\/12856\/revisions"}],"wp:attachment":[{"href":"https:\/\/meotec.com\/ca\/wp-json\/wp\/v2\/media?parent=12856"}],"curies":[{"name":"wp","href":"https:\/\/api.w.org\/{rel}","templated":true}]}}